{"id":2357,"date":"2022-02-28T07:35:52","date_gmt":"2022-02-28T07:35:52","guid":{"rendered":"http:\/\/artillum.art\/services\/climatisation-a-ibiza\/"},"modified":"2022-03-09T12:11:49","modified_gmt":"2022-03-09T12:11:49","slug":"climatisation-a-ibiza","status":"publish","type":"page","link":"https:\/\/artillum.art\/fr\/services\/climatisation-a-ibiza\/","title":{"rendered":"Climatisation \u00e0 Ibiza"},"content":{"rendered":"\t\t<div data-elementor-type=\"wp-page\" data-elementor-id=\"2357\" class=\"elementor elementor-2357 elementor-221\">\n\t\t\t\t\t\t<section class=\"elementor-section elementor-top-section elementor-element elementor-element-096c202 elementor-section-full_width elementor-section-height-default elementor-section-height-default\" data-id=\"096c202\" data-element_type=\"section\" data-settings=\"{&quot;background_background&quot;:&quot;classic&quot;}\">\n\t\t\t\t\t\t\t<div class=\"elementor-background-overlay\"><\/div>\n\t\t\t\t\t\t\t<div class=\"elementor-container elementor-column-gap-default\">\n\t\t\t\t\t<div class=\"elementor-column elementor-col-100 elementor-top-column elementor-element elementor-element-ce8b4ba\" data-id=\"ce8b4ba\" data-element_type=\"column\">\n\t\t\t<div class=\"elementor-widget-wrap elementor-element-populated\">\n\t\t\t\t\t\t<div class=\"elementor-element elementor-element-3335a1e elementor-widget elementor-widget-heading\" data-id=\"3335a1e\" data-element_type=\"widget\" data-widget_type=\"heading.default\">\n\t\t\t\t<div class=\"elementor-widget-container\">\n\t\t\t\t\t<h2 class=\"elementor-heading-title elementor-size-default\">Climatisation \u00e0 Ibiza<\/h2>\t\t\t\t<\/div>\n\t\t\t\t<\/div>\n\t\t\t\t<div class=\"elementor-element elementor-element-62145d3 elementor-widget elementor-widget-heading\" data-id=\"62145d3\" data-element_type=\"widget\" data-widget_type=\"heading.default\">\n\t\t\t\t<div class=\"elementor-widget-container\">\n\t\t\t\t\t<h1 class=\"elementor-heading-title elementor-size-default\">Temp\u00e9rature, humidit\u00e9 et propret\u00e9 de l'air<\/h1>\t\t\t\t<\/div>\n\t\t\t\t<\/div>\n\t\t\t\t\t<\/div>\n\t\t<\/div>\n\t\t\t\t\t<\/div>\n\t\t<\/section>\n\t\t\t\t<section class=\"elementor-section elementor-top-section elementor-element elementor-element-a619086 elementor-section-boxed elementor-section-height-default elementor-section-height-default\" data-id=\"a619086\" data-element_type=\"section\" data-settings=\"{&quot;background_background&quot;:&quot;classic&quot;}\">\n\t\t\t\t\t\t\t<div class=\"elementor-background-overlay\"><\/div>\n\t\t\t\t\t\t\t<div class=\"elementor-container elementor-column-gap-default\">\n\t\t\t\t\t<div class=\"elementor-column elementor-col-100 elementor-top-column elementor-element elementor-element-11b33d0\" data-id=\"11b33d0\" data-element_type=\"column\">\n\t\t\t<div class=\"elementor-widget-wrap elementor-element-populated\">\n\t\t\t\t\t\t<section class=\"elementor-section elementor-inner-section elementor-element elementor-element-a8d9fa3 elementor-section-boxed elementor-section-height-default elementor-section-height-default\" data-id=\"a8d9fa3\" data-element_type=\"section\">\n\t\t\t\t\t\t<div class=\"elementor-container elementor-column-gap-default\">\n\t\t\t\t\t<div class=\"elementor-column elementor-col-100 elementor-inner-column elementor-element elementor-element-590e87c\" data-id=\"590e87c\" data-element_type=\"column\">\n\t\t\t<div class=\"elementor-widget-wrap elementor-element-populated\">\n\t\t\t\t\t\t<div class=\"elementor-element elementor-element-d61c527 elementor-widget elementor-widget-text-editor\" data-id=\"d61c527\" data-element_type=\"widget\" data-widget_type=\"text-editor.default\">\n\t\t\t\t<div class=\"elementor-widget-container\">\n\t\t\t\t\t\t\t\t\t<p>Nous r\u00e9alisons des installations de climatisation \u00e0 <strong>Ibiza<\/strong> et <strong>Formentera<\/strong>. Nous nous sp\u00e9cialisons dans des <strong>installations compl\u00e8tes<\/strong> dans les maisons et les b\u00e2timents en service \u00e0 la fois les clients priv\u00e9s et locaux commerciaux, h\u00f4teliers et autres professionnels.<\/p>\t\t\t\t\t\t\t\t<\/div>\n\t\t\t\t<\/div>\n\t\t\t\t\t<\/div>\n\t\t<\/div>\n\t\t\t\t\t<\/div>\n\t\t<\/section>\n\t\t\t\t<section class=\"elementor-section elementor-inner-section elementor-element elementor-element-c407073 elementor-section-full_width elementor-section-height-default elementor-section-height-default\" data-id=\"c407073\" data-element_type=\"section\">\n\t\t\t\t\t\t<div class=\"elementor-container elementor-column-gap-wide\">\n\t\t\t\t\t<div class=\"elementor-column elementor-col-33 elementor-inner-column elementor-element elementor-element-e526a44\" data-id=\"e526a44\" data-element_type=\"column\">\n\t\t\t<div class=\"elementor-widget-wrap elementor-element-populated\">\n\t\t\t\t\t\t<div class=\"elementor-element elementor-element-2b3fbe1 elementor-widget elementor-widget-call-to-action\" data-id=\"2b3fbe1\" data-element_type=\"widget\" data-widget_type=\"call-to-action.default\">\n\t\t\t\t<div class=\"elementor-widget-container\">\n\t\t\t\t\t \t\t\t\t<\/div>\n\t\t\t\t<\/div>\n\t\t\t\t\t<\/div>\n\t\t<\/div>\n\t\t\t\t<div class=\"elementor-column elementor-col-33 elementor-inner-column elementor-element elementor-element-30de0ff\" data-id=\"30de0ff\" data-element_type=\"column\">\n\t\t\t<div class=\"elementor-widget-wrap elementor-element-populated\">\n\t\t\t\t\t\t<div class=\"elementor-element elementor-element-f4bbc7d elementor-widget elementor-widget-call-to-action\" data-id=\"f4bbc7d\" data-element_type=\"widget\" data-widget_type=\"call-to-action.default\">\n\t\t\t\t<div class=\"elementor-widget-container\">\n\t\t\t\t\t \t\t\t\t<\/div>\n\t\t\t\t<\/div>\n\t\t\t\t\t<\/div>\n\t\t<\/div>\n\t\t\t\t<div class=\"elementor-column elementor-col-33 elementor-inner-column elementor-element elementor-element-8198d08\" data-id=\"8198d08\" data-element_type=\"column\">\n\t\t\t<div class=\"elementor-widget-wrap elementor-element-populated\">\n\t\t\t\t\t\t<div class=\"elementor-element elementor-element-ae710fb elementor-widget elementor-widget-call-to-action\" data-id=\"ae710fb\" data-element_type=\"widget\" data-widget_type=\"call-to-action.default\">\n\t\t\t\t<div class=\"elementor-widget-container\">\n\t\t\t\t\t \t\t\t\t<\/div>\n\t\t\t\t<\/div>\n\t\t\t\t\t<\/div>\n\t\t<\/div>\n\t\t\t\t\t<\/div>\n\t\t<\/section>\n\t\t\t\t<section class=\"elementor-section elementor-inner-section elementor-element elementor-element-9bd0496 elementor-section-full_width elementor-section-height-default elementor-section-height-default\" data-id=\"9bd0496\" data-element_type=\"section\">\n\t\t\t\t\t\t<div class=\"elementor-container elementor-column-gap-wide\">\n\t\t\t\t\t<div class=\"elementor-column elementor-col-33 elementor-inner-column elementor-element elementor-element-4aef7cf\" data-id=\"4aef7cf\" data-element_type=\"column\">\n\t\t\t<div class=\"elementor-widget-wrap elementor-element-populated\">\n\t\t\t\t\t\t<div class=\"elementor-element elementor-element-424bd52 elementor-widget elementor-widget-call-to-action\" data-id=\"424bd52\" data-element_type=\"widget\" data-widget_type=\"call-to-action.default\">\n\t\t\t\t<div class=\"elementor-widget-container\">\n\t\t\t\t\t \t\t\t\t<\/div>\n\t\t\t\t<\/div>\n\t\t\t\t\t<\/div>\n\t\t<\/div>\n\t\t\t\t<div class=\"elementor-column elementor-col-33 elementor-inner-column elementor-element elementor-element-b43e997\" data-id=\"b43e997\" data-element_type=\"column\">\n\t\t\t<div class=\"elementor-widget-wrap elementor-element-populated\">\n\t\t\t\t\t\t<div class=\"elementor-element elementor-element-a3a68aa elementor-widget elementor-widget-call-to-action\" data-id=\"a3a68aa\" data-element_type=\"widget\" data-widget_type=\"call-to-action.default\">\n\t\t\t\t<div class=\"elementor-widget-container\">\n\t\t\t\t\t \t\t\t\t<\/div>\n\t\t\t\t<\/div>\n\t\t\t\t\t<\/div>\n\t\t<\/div>\n\t\t\t\t<div class=\"elementor-column elementor-col-33 elementor-inner-column elementor-element elementor-element-e8f9cdf\" data-id=\"e8f9cdf\" data-element_type=\"column\">\n\t\t\t<div class=\"elementor-widget-wrap\">\n\t\t\t\t\t\t\t<\/div>\n\t\t<\/div>\n\t\t\t\t\t<\/div>\n\t\t<\/section>\n\t\t\t\t\t<\/div>\n\t\t<\/div>\n\t\t\t\t\t<\/div>\n\t\t<\/section>\n\t\t\t\t<\/div>\n\t\t","protected":false},"excerpt":{"rendered":"<p>Climatisation \u00e0 Ibiza Temp\u00e9rature, humidit\u00e9 et propret\u00e9 de l&rsquo;air Nous r\u00e9alisons des installations de climatisation \u00e0 Ibiza et Formentera. Nous nous sp\u00e9cialisons dans des installations compl\u00e8tes dans les maisons et les b\u00e2timents en service \u00e0 la fois les clients priv\u00e9s et locaux commerciaux, h\u00f4teliers et autres professionnels. Conduits Le syst\u00e8me de climatisation par conduits est [&hellip;]<\/p>\n","protected":false},"author":2,"featured_media":0,"parent":1820,"menu_order":0,"comment_status":"closed","ping_status":"closed","template":"elementor_header_footer","meta":{"footnotes":""},"class_list":["post-2357","page","type-page","status-publish","hentry"],"_links":{"self":[{"href":"https:\/\/artillum.art\/fr\/wp-json\/wp\/v2\/pages\/2357","targetHints":{"allow":["GET"]}}],"collection":[{"href":"https:\/\/artillum.art\/fr\/wp-json\/wp\/v2\/pages"}],"about":[{"href":"https:\/\/artillum.art\/fr\/wp-json\/wp\/v2\/types\/page"}],"author":[{"embeddable":true,"href":"https:\/\/artillum.art\/fr\/wp-json\/wp\/v2\/users\/2"}],"replies":[{"embeddable":true,"href":"https:\/\/artillum.art\/fr\/wp-json\/wp\/v2\/comments?post=2357"}],"version-history":[{"count":1,"href":"https:\/\/artillum.art\/fr\/wp-json\/wp\/v2\/pages\/2357\/revisions"}],"predecessor-version":[{"id":2358,"href":"https:\/\/artillum.art\/fr\/wp-json\/wp\/v2\/pages\/2357\/revisions\/2358"}],"up":[{"embeddable":true,"href":"https:\/\/artillum.art\/fr\/wp-json\/wp\/v2\/pages\/1820"}],"wp:attachment":[{"href":"https:\/\/artillum.art\/fr\/wp-json\/wp\/v2\/media?parent=2357"}],"curies":[{"name":"wp","href":"https:\/\/api.w.org\/{rel}","templated":true}]}}