{"id":1793,"date":"2022-02-26T08:15:50","date_gmt":"2022-02-26T08:15:50","guid":{"rendered":"http:\/\/artillum.art\/a-propos-des-nous\/"},"modified":"2022-03-08T19:46:13","modified_gmt":"2022-03-08T19:46:13","slug":"a-propos-des-nous","status":"publish","type":"page","link":"https:\/\/artillum.art\/fr\/a-propos-des-nous\/","title":{"rendered":"\u00c0 propos des nous"},"content":{"rendered":"\t\t<div data-elementor-type=\"wp-page\" data-elementor-id=\"1793\" class=\"elementor elementor-1793 elementor-18\">\n\t\t\t\t\t\t<section class=\"elementor-section elementor-top-section elementor-element elementor-element-101c125 elementor-section-full_width elementor-section-height-min-height elementor-section-items-stretch elementor-section-height-default\" data-id=\"101c125\" data-element_type=\"section\">\n\t\t\t\t\t\t<div class=\"elementor-container elementor-column-gap-default\">\n\t\t\t\t\t<div class=\"elementor-column elementor-col-50 elementor-top-column elementor-element elementor-element-14f4efe elementor-invisible\" data-id=\"14f4efe\" data-element_type=\"column\" data-settings=\"{&quot;animation&quot;:&quot;fadeIn&quot;,&quot;animation_delay&quot;:260}\">\n\t\t\t<div class=\"elementor-widget-wrap elementor-element-populated\">\n\t\t\t\t\t\t<section class=\"elementor-section elementor-inner-section elementor-element elementor-element-28d4d13 elementor-section-boxed elementor-section-height-default elementor-section-height-default\" data-id=\"28d4d13\" data-element_type=\"section\" data-settings=\"{&quot;background_background&quot;:&quot;classic&quot;}\">\n\t\t\t\t\t\t<div class=\"elementor-container elementor-column-gap-default\">\n\t\t\t\t\t<div class=\"elementor-column elementor-col-100 elementor-inner-column elementor-element elementor-element-32871c6\" data-id=\"32871c6\" data-element_type=\"column\">\n\t\t\t<div class=\"elementor-widget-wrap elementor-element-populated\">\n\t\t\t\t\t\t<div class=\"elementor-element elementor-element-d638c19 elementor-widget elementor-widget-heading\" data-id=\"d638c19\" data-element_type=\"widget\" data-widget_type=\"heading.default\">\n\t\t\t\t<div class=\"elementor-widget-container\">\n\t\t\t\t\t<h3 class=\"elementor-heading-title elementor-size-default\">NOTRE ENTREPRISE<\/h3>\t\t\t\t<\/div>\n\t\t\t\t<\/div>\n\t\t\t\t<div class=\"elementor-element elementor-element-6eb09b1 elementor-widget elementor-widget-heading\" data-id=\"6eb09b1\" data-element_type=\"widget\" data-widget_type=\"heading.default\">\n\t\t\t\t<div class=\"elementor-widget-container\">\n\t\t\t\t\t<h2 class=\"elementor-heading-title elementor-size-default\">Nous ajoutons plus de 15 ans d\u2019exp\u00e9rience v\u00e9rifi\u00e9e dans le secteur<\/h2>\t\t\t\t<\/div>\n\t\t\t\t<\/div>\n\t\t\t\t<div class=\"elementor-element elementor-element-be5e940 elementor-widget elementor-widget-text-editor\" data-id=\"be5e940\" data-element_type=\"widget\" data-widget_type=\"text-editor.default\">\n\t\t\t\t<div class=\"elementor-widget-container\">\n\t\t\t\t\t\t\t\t\t<p><strong>Art &amp; Llum SL est une entreprise d&rsquo;installation et de maintenance enregistr\u00e9e en Industrie pour toutes les activit\u00e9s d&rsquo; <strong>installation et de maintenance<\/strong> en <strong>\u00e9lectricit\u00e9<\/strong> , <strong>domotique<\/strong> , <strong>plomberie<\/strong> , <strong>piscines<\/strong> , <strong>\u00e9nergies renouvelables<\/strong> et <strong>climatisation<\/strong> , pour laquelle elle g\u00e8re toutes les techniques n\u00e9cessaires aux projets que nous sommes. confi\u00e9 <strong>du d\u00e9but \u00e0 la fin<\/strong> .<\/strong><\/p><p>Nous sommes sp\u00e9cialis\u00e9s dans les n\u00e9gociations avec la compagnie d&rsquo;approvisionnement en \u00e9lectricit\u00e9, nous installons \u00e9galement des panneaux solaires, effectuons des services de <strong>maintenance pr\u00e9ventive<\/strong> et corrective pour les installations et bien plus encore.<\/p>\t\t\t\t\t\t\t\t<\/div>\n\t\t\t\t<\/div>\n\t\t\t\t<div class=\"elementor-element elementor-element-3c07c3d elementor-widget elementor-widget-button\" data-id=\"3c07c3d\" data-element_type=\"widget\" data-widget_type=\"button.default\">\n\t\t\t\t<div class=\"elementor-widget-container\">\n\t\t\t\t\t\t\t\t\t<div class=\"elementor-button-wrapper\">\n\t\t\t\t\t<a class=\"elementor-button elementor-button-link elementor-size-md elementor-animation-grow\" href=\"#servicios\">\n\t\t\t\t\t\t<span class=\"elementor-button-content-wrapper\">\n\t\t\t\t\t\t\t\t\t<span class=\"elementor-button-text\">Conna\u00eetre nos services<\/span>\n\t\t\t\t\t<\/span>\n\t\t\t\t\t<\/a>\n\t\t\t\t<\/div>\n\t\t\t\t\t\t\t\t<\/div>\n\t\t\t\t<\/div>\n\t\t\t\t\t<\/div>\n\t\t<\/div>\n\t\t\t\t\t<\/div>\n\t\t<\/section>\n\t\t\t\t\t<\/div>\n\t\t<\/div>\n\t\t\t\t<div class=\"elementor-column elementor-col-50 elementor-top-column elementor-element elementor-element-5a34849 elementor-invisible\" data-id=\"5a34849\" data-element_type=\"column\" data-settings=\"{&quot;background_background&quot;:&quot;classic&quot;,&quot;animation&quot;:&quot;fadeInRight&quot;,&quot;animation_delay&quot;:420}\">\n\t\t\t<div class=\"elementor-widget-wrap elementor-element-populated\">\n\t\t\t\t\t\t<div class=\"elementor-element elementor-element-199bb01 elementor-widget elementor-widget-spacer\" data-id=\"199bb01\" data-element_type=\"widget\" data-widget_type=\"spacer.default\">\n\t\t\t\t<div class=\"elementor-widget-container\">\n\t\t\t\t\t\t\t<div class=\"elementor-spacer\">\n\t\t\t<div class=\"elementor-spacer-inner\"><\/div>\n\t\t<\/div>\n\t\t\t\t\t\t<\/div>\n\t\t\t\t<\/div>\n\t\t\t\t\t<\/div>\n\t\t<\/div>\n\t\t\t\t\t<\/div>\n\t\t<\/section>\n\t\t\t\t<section class=\"elementor-section elementor-top-section elementor-element elementor-element-8b2c7de elementor-section-boxed elementor-section-height-default elementor-section-height-default\" data-id=\"8b2c7de\" data-element_type=\"section\">\n\t\t\t\t\t\t<div class=\"elementor-container elementor-column-gap-default\">\n\t\t\t\t\t<div class=\"elementor-column elementor-col-100 elementor-top-column elementor-element elementor-element-703e108\" data-id=\"703e108\" data-element_type=\"column\">\n\t\t\t<div class=\"elementor-widget-wrap\">\n\t\t\t\t\t\t\t<\/div>\n\t\t<\/div>\n\t\t\t\t\t<\/div>\n\t\t<\/section>\n\t\t\t\t<\/div>\n\t\t","protected":false},"excerpt":{"rendered":"<p>NOTRE ENTREPRISE Nous ajoutons plus de 15 ans d\u2019exp\u00e9rience v\u00e9rifi\u00e9e dans le secteur Art &amp; Llum SL est une entreprise d&rsquo;installation et de maintenance enregistr\u00e9e en Industrie pour toutes les activit\u00e9s d&rsquo; installation et de maintenance en \u00e9lectricit\u00e9 , domotique , plomberie , piscines , \u00e9nergies renouvelables et climatisation , pour laquelle elle g\u00e8re toutes [&hellip;]<\/p>\n","protected":false},"author":2,"featured_media":0,"parent":0,"menu_order":0,"comment_status":"closed","ping_status":"closed","template":"elementor_header_footer","meta":{"footnotes":""},"class_list":["post-1793","page","type-page","status-publish","hentry"],"_links":{"self":[{"href":"https:\/\/artillum.art\/fr\/wp-json\/wp\/v2\/pages\/1793","targetHints":{"allow":["GET"]}}],"collection":[{"href":"https:\/\/artillum.art\/fr\/wp-json\/wp\/v2\/pages"}],"about":[{"href":"https:\/\/artillum.art\/fr\/wp-json\/wp\/v2\/types\/page"}],"author":[{"embeddable":true,"href":"https:\/\/artillum.art\/fr\/wp-json\/wp\/v2\/users\/2"}],"replies":[{"embeddable":true,"href":"https:\/\/artillum.art\/fr\/wp-json\/wp\/v2\/comments?post=1793"}],"version-history":[{"count":1,"href":"https:\/\/artillum.art\/fr\/wp-json\/wp\/v2\/pages\/1793\/revisions"}],"predecessor-version":[{"id":1794,"href":"https:\/\/artillum.art\/fr\/wp-json\/wp\/v2\/pages\/1793\/revisions\/1794"}],"wp:attachment":[{"href":"https:\/\/artillum.art\/fr\/wp-json\/wp\/v2\/media?parent=1793"}],"curies":[{"name":"wp","href":"https:\/\/api.w.org\/{rel}","templated":true}]}}